{"id":6833,"date":"2023-09-02T16:28:48","date_gmt":"2023-09-02T14:28:48","guid":{"rendered":"https:\/\/lencadreurduparc.fr\/?post_type=product&#038;p=6833"},"modified":"2023-09-02T16:29:42","modified_gmt":"2023-09-02T14:29:42","slug":"scara-bee-clark","status":"publish","type":"product","link":"https:\/\/lencadreurduparc.fr\/index.php\/produit\/scara-bee-clark\/","title":{"rendered":"SCARA BEE  &#8211; Clark"},"content":{"rendered":"","protected":false},"excerpt":{"rendered":"<p>Technique : impression d\u2019art<br \/>\nSupport \/ Mat\u00e9riaux :\u00a0Papier Fine Art Hahnem\u00fchle Photo Rag 308g<\/p>\n<p>Num\u00e9rot\u00e9e et sign\u00e9e par l&rsquo;artiste<br \/>\nCertificat d\u2019authenticit\u00e9 fourni\u00a0avec l\u2019\u0153uvre<\/p>\n","protected":false},"featured_media":6785,"template":"","meta":[],"product_cat":[184],"product_tag":[],"yoast_head":"<!-- This site is optimized with the Yoast SEO plugin v19.10 - https:\/\/yoast.com\/wordpress\/plugins\/seo\/ -->\n<title>SCARA BEE - Clark - L&#039;Encadreur du Parc<\/title>\n<meta name=\"description\" content=\"Si vous aimez... les platines vinyles, les s\u00e8che-cheveux orange et les comics des ann\u00e9es 70, d\u00e9couvrez Scara Bee, une artiste fran\u00e7aise\" \/>\n<meta name=\"robots\" content=\"index, follow, max-snippet:-1, max-image-preview:large, max-video-preview:-1\" \/>\n<link rel=\"canonical\" href=\"https:\/\/lencadreurduparc.fr\/index.php\/produit\/scara-bee-clark\/\" \/>\n<meta property=\"og:locale\" content=\"fr_FR\" \/>\n<meta property=\"og:type\" content=\"article\" \/>\n<meta property=\"og:title\" content=\"SCARA BEE - Clark - L&#039;Encadreur du Parc\" \/>\n<meta property=\"og:description\" content=\"Si vous aimez... les platines vinyles, les s\u00e8che-cheveux orange et les comics des ann\u00e9es 70, d\u00e9couvrez Scara Bee, une artiste fran\u00e7aise\" \/>\n<meta property=\"og:url\" content=\"https:\/\/lencadreurduparc.fr\/index.php\/produit\/scara-bee-clark\/\" \/>\n<meta property=\"og:site_name\" content=\"L&#039;Encadreur du Parc\" \/>\n<meta property=\"article:modified_time\" content=\"2023-09-02T14:29:42+00:00\" \/>\n<meta property=\"og:image\" content=\"https:\/\/lencadreurduparc.fr\/wp-content\/uploads\/Clark.jpg\" \/>\n\t<meta property=\"og:image:width\" content=\"900\" \/>\n\t<meta property=\"og:image:height\" content=\"1200\" \/>\n\t<meta property=\"og:image:type\" content=\"image\/jpeg\" \/>\n<meta name=\"twitter:card\" content=\"summary_large_image\" \/>\n<script type=\"application\/ld+json\" class=\"yoast-schema-graph\">{\"@context\":\"https:\/\/schema.org\",\"@graph\":[{\"@type\":\"WebPage\",\"@id\":\"https:\/\/lencadreurduparc.fr\/index.php\/produit\/scara-bee-clark\/\",\"url\":\"https:\/\/lencadreurduparc.fr\/index.php\/produit\/scara-bee-clark\/\",\"name\":\"SCARA BEE - Clark - L&#039;Encadreur du Parc\",\"isPartOf\":{\"@id\":\"https:\/\/lencadreurduparc.fr\/#website\"},\"datePublished\":\"2023-09-02T14:28:48+00:00\",\"dateModified\":\"2023-09-02T14:29:42+00:00\",\"description\":\"Si vous aimez... les platines vinyles, les s\u00e8che-cheveux orange et les comics des ann\u00e9es 70, d\u00e9couvrez Scara Bee, une artiste fran\u00e7aise\",\"breadcrumb\":{\"@id\":\"https:\/\/lencadreurduparc.fr\/index.php\/produit\/scara-bee-clark\/#breadcrumb\"},\"inLanguage\":\"fr-FR\",\"potentialAction\":[{\"@type\":\"ReadAction\",\"target\":[\"https:\/\/lencadreurduparc.fr\/index.php\/produit\/scara-bee-clark\/\"]}]},{\"@type\":\"BreadcrumbList\",\"@id\":\"https:\/\/lencadreurduparc.fr\/index.php\/produit\/scara-bee-clark\/#breadcrumb\",\"itemListElement\":[{\"@type\":\"ListItem\",\"position\":1,\"name\":\"Accueil\",\"item\":\"https:\/\/lencadreurduparc.fr\/\"},{\"@type\":\"ListItem\",\"position\":2,\"name\":\"TOUTES LES OEUVRES\",\"item\":\"https:\/\/lencadreurduparc.fr\/index.php\/shop-catalogue-doeuvres\/\"},{\"@type\":\"ListItem\",\"position\":3,\"name\":\"SCARA BEE &#8211; Clark\"}]},{\"@type\":\"WebSite\",\"@id\":\"https:\/\/lencadreurduparc.fr\/#website\",\"url\":\"https:\/\/lencadreurduparc.fr\/\",\"name\":\"L&#039;Encadreur du Parc\",\"description\":\"Notre savoir-faire artisanal au service de la mise en valeur de vos sujets\",\"potentialAction\":[{\"@type\":\"SearchAction\",\"target\":{\"@type\":\"EntryPoint\",\"urlTemplate\":\"https:\/\/lencadreurduparc.fr\/?s={search_term_string}\"},\"query-input\":\"required name=search_term_string\"}],\"inLanguage\":\"fr-FR\"}]}<\/script>\n<!-- \/ Yoast SEO plugin. -->","yoast_head_json":{"title":"SCARA BEE - Clark - L&#039;Encadreur du Parc","description":"Si vous aimez... les platines vinyles, les s\u00e8che-cheveux orange et les comics des ann\u00e9es 70, d\u00e9couvrez Scara Bee, une artiste fran\u00e7aise","robots":{"index":"index","follow":"follow","max-snippet":"max-snippet:-1","max-image-preview":"max-image-preview:large","max-video-preview":"max-video-preview:-1"},"canonical":"https:\/\/lencadreurduparc.fr\/index.php\/produit\/scara-bee-clark\/","og_locale":"fr_FR","og_type":"article","og_title":"SCARA BEE - Clark - L&#039;Encadreur du Parc","og_description":"Si vous aimez... les platines vinyles, les s\u00e8che-cheveux orange et les comics des ann\u00e9es 70, d\u00e9couvrez Scara Bee, une artiste fran\u00e7aise","og_url":"https:\/\/lencadreurduparc.fr\/index.php\/produit\/scara-bee-clark\/","og_site_name":"L&#039;Encadreur du Parc","article_modified_time":"2023-09-02T14:29:42+00:00","og_image":[{"width":900,"height":1200,"url":"https:\/\/lencadreurduparc.fr\/wp-content\/uploads\/Clark.jpg","type":"image\/jpeg"}],"twitter_card":"summary_large_image","schema":{"@context":"https:\/\/schema.org","@graph":[{"@type":"WebPage","@id":"https:\/\/lencadreurduparc.fr\/index.php\/produit\/scara-bee-clark\/","url":"https:\/\/lencadreurduparc.fr\/index.php\/produit\/scara-bee-clark\/","name":"SCARA BEE - Clark - L&#039;Encadreur du Parc","isPartOf":{"@id":"https:\/\/lencadreurduparc.fr\/#website"},"datePublished":"2023-09-02T14:28:48+00:00","dateModified":"2023-09-02T14:29:42+00:00","description":"Si vous aimez... les platines vinyles, les s\u00e8che-cheveux orange et les comics des ann\u00e9es 70, d\u00e9couvrez Scara Bee, une artiste fran\u00e7aise","breadcrumb":{"@id":"https:\/\/lencadreurduparc.fr\/index.php\/produit\/scara-bee-clark\/#breadcrumb"},"inLanguage":"fr-FR","potentialAction":[{"@type":"ReadAction","target":["https:\/\/lencadreurduparc.fr\/index.php\/produit\/scara-bee-clark\/"]}]},{"@type":"BreadcrumbList","@id":"https:\/\/lencadreurduparc.fr\/index.php\/produit\/scara-bee-clark\/#breadcrumb","itemListElement":[{"@type":"ListItem","position":1,"name":"Accueil","item":"https:\/\/lencadreurduparc.fr\/"},{"@type":"ListItem","position":2,"name":"TOUTES LES OEUVRES","item":"https:\/\/lencadreurduparc.fr\/index.php\/shop-catalogue-doeuvres\/"},{"@type":"ListItem","position":3,"name":"SCARA BEE &#8211; Clark"}]},{"@type":"WebSite","@id":"https:\/\/lencadreurduparc.fr\/#website","url":"https:\/\/lencadreurduparc.fr\/","name":"L&#039;Encadreur du Parc","description":"Notre savoir-faire artisanal au service de la mise en valeur de vos sujets","potentialAction":[{"@type":"SearchAction","target":{"@type":"EntryPoint","urlTemplate":"https:\/\/lencadreurduparc.fr\/?s={search_term_string}"},"query-input":"required name=search_term_string"}],"inLanguage":"fr-FR"}]}},"_links":{"self":[{"href":"https:\/\/lencadreurduparc.fr\/index.php\/wp-json\/wp\/v2\/product\/6833"}],"collection":[{"href":"https:\/\/lencadreurduparc.fr\/index.php\/wp-json\/wp\/v2\/product"}],"about":[{"href":"https:\/\/lencadreurduparc.fr\/index.php\/wp-json\/wp\/v2\/types\/product"}],"wp:featuredmedia":[{"embeddable":true,"href":"https:\/\/lencadreurduparc.fr\/index.php\/wp-json\/wp\/v2\/media\/6785"}],"wp:attachment":[{"href":"https:\/\/lencadreurduparc.fr\/index.php\/wp-json\/wp\/v2\/media?parent=6833"}],"wp:term":[{"taxonomy":"product_cat","embeddable":true,"href":"https:\/\/lencadreurduparc.fr\/index.php\/wp-json\/wp\/v2\/product_cat?post=6833"},{"taxonomy":"product_tag","embeddable":true,"href":"https:\/\/lencadreurduparc.fr\/index.php\/wp-json\/wp\/v2\/product_tag?post=6833"}],"curies":[{"name":"wp","href":"https:\/\/api.w.org\/{rel}","templated":true}]}}