{"id":6357,"date":"2021-07-02T16:43:01","date_gmt":"2021-07-02T14:43:01","guid":{"rendered":"https:\/\/lencadreurduparc.fr\/?post_type=product&#038;p=6357"},"modified":"2021-07-10T16:15:40","modified_gmt":"2021-07-10T14:15:40","slug":"roz-nimbus-3","status":"publish","type":"product","link":"https:\/\/lencadreurduparc.fr\/index.php\/produit\/roz-nimbus-3\/","title":{"rendered":"ROZ &#8211; NIMBUS III"},"content":{"rendered":"","protected":false},"excerpt":{"rendered":"<p>R\u00e9f. : EDP-ROZ1-TMX-21-167<\/p>\n<p>Technique : Technique mixte<br \/>\nFormat : 50 x 70 cm<\/p>\n<p>Sign\u00e9 par l&rsquo;artiste<br \/>\nNum\u00e9rot\u00e9 : 1\/1<\/p>\n","protected":false},"featured_media":6358,"template":"","meta":[],"product_cat":[137],"product_tag":[],"yoast_head":"<!-- This site is optimized with the Yoast SEO plugin v19.10 - https:\/\/yoast.com\/wordpress\/plugins\/seo\/ -->\n<title>ROZ - NIMBUS III - L&#039;Encadreur du Parc<\/title>\n<meta name=\"robots\" content=\"index, follow, max-snippet:-1, max-image-preview:large, max-video-preview:-1\" \/>\n<link rel=\"canonical\" href=\"https:\/\/lencadreurduparc.fr\/index.php\/produit\/roz-nimbus-3\/\" \/>\n<meta property=\"og:locale\" content=\"fr_FR\" \/>\n<meta property=\"og:type\" content=\"article\" \/>\n<meta property=\"og:title\" content=\"ROZ - NIMBUS III - L&#039;Encadreur du Parc\" \/>\n<meta property=\"og:description\" content=\"R\u00e9f. : EDP-ROZ1-TMX-21-167  Technique : Technique mixte Format : 50 x 70 cm  Sign\u00e9 par l&#039;artiste Num\u00e9rot\u00e9 : 1\/1\" \/>\n<meta property=\"og:url\" content=\"https:\/\/lencadreurduparc.fr\/index.php\/produit\/roz-nimbus-3\/\" \/>\n<meta property=\"og:site_name\" content=\"L&#039;Encadreur du Parc\" \/>\n<meta property=\"article:modified_time\" content=\"2021-07-10T14:15:40+00:00\" \/>\n<meta property=\"og:image\" content=\"https:\/\/lencadreurduparc.fr\/wp-content\/uploads\/javier-roz-nimbus-scaled.jpg\" \/>\n\t<meta property=\"og:image:width\" content=\"1825\" \/>\n\t<meta property=\"og:image:height\" content=\"2560\" \/>\n\t<meta property=\"og:image:type\" content=\"image\/jpeg\" \/>\n<meta name=\"twitter:card\" content=\"summary_large_image\" \/>\n<script type=\"application\/ld+json\" class=\"yoast-schema-graph\">{\"@context\":\"https:\/\/schema.org\",\"@graph\":[{\"@type\":\"WebPage\",\"@id\":\"https:\/\/lencadreurduparc.fr\/index.php\/produit\/roz-nimbus-3\/\",\"url\":\"https:\/\/lencadreurduparc.fr\/index.php\/produit\/roz-nimbus-3\/\",\"name\":\"ROZ - NIMBUS III - L&#039;Encadreur du Parc\",\"isPartOf\":{\"@id\":\"https:\/\/lencadreurduparc.fr\/#website\"},\"datePublished\":\"2021-07-02T14:43:01+00:00\",\"dateModified\":\"2021-07-10T14:15:40+00:00\",\"breadcrumb\":{\"@id\":\"https:\/\/lencadreurduparc.fr\/index.php\/produit\/roz-nimbus-3\/#breadcrumb\"},\"inLanguage\":\"fr-FR\",\"potentialAction\":[{\"@type\":\"ReadAction\",\"target\":[\"https:\/\/lencadreurduparc.fr\/index.php\/produit\/roz-nimbus-3\/\"]}]},{\"@type\":\"BreadcrumbList\",\"@id\":\"https:\/\/lencadreurduparc.fr\/index.php\/produit\/roz-nimbus-3\/#breadcrumb\",\"itemListElement\":[{\"@type\":\"ListItem\",\"position\":1,\"name\":\"Accueil\",\"item\":\"https:\/\/lencadreurduparc.fr\/\"},{\"@type\":\"ListItem\",\"position\":2,\"name\":\"TOUTES LES OEUVRES\",\"item\":\"https:\/\/lencadreurduparc.fr\/index.php\/shop-catalogue-doeuvres\/\"},{\"@type\":\"ListItem\",\"position\":3,\"name\":\"ROZ &#8211; NIMBUS III\"}]},{\"@type\":\"WebSite\",\"@id\":\"https:\/\/lencadreurduparc.fr\/#website\",\"url\":\"https:\/\/lencadreurduparc.fr\/\",\"name\":\"L&#039;Encadreur du Parc\",\"description\":\"Notre savoir-faire artisanal au service de la mise en valeur de vos sujets\",\"potentialAction\":[{\"@type\":\"SearchAction\",\"target\":{\"@type\":\"EntryPoint\",\"urlTemplate\":\"https:\/\/lencadreurduparc.fr\/?s={search_term_string}\"},\"query-input\":\"required name=search_term_string\"}],\"inLanguage\":\"fr-FR\"}]}<\/script>\n<!-- \/ Yoast SEO plugin. -->","yoast_head_json":{"title":"ROZ - NIMBUS III - L&#039;Encadreur du Parc","robots":{"index":"index","follow":"follow","max-snippet":"max-snippet:-1","max-image-preview":"max-image-preview:large","max-video-preview":"max-video-preview:-1"},"canonical":"https:\/\/lencadreurduparc.fr\/index.php\/produit\/roz-nimbus-3\/","og_locale":"fr_FR","og_type":"article","og_title":"ROZ - NIMBUS III - L&#039;Encadreur du Parc","og_description":"R\u00e9f. : EDP-ROZ1-TMX-21-167  Technique : Technique mixte Format : 50 x 70 cm  Sign\u00e9 par l'artiste Num\u00e9rot\u00e9 : 1\/1","og_url":"https:\/\/lencadreurduparc.fr\/index.php\/produit\/roz-nimbus-3\/","og_site_name":"L&#039;Encadreur du Parc","article_modified_time":"2021-07-10T14:15:40+00:00","og_image":[{"width":1825,"height":2560,"url":"https:\/\/lencadreurduparc.fr\/wp-content\/uploads\/javier-roz-nimbus-scaled.jpg","type":"image\/jpeg"}],"twitter_card":"summary_large_image","schema":{"@context":"https:\/\/schema.org","@graph":[{"@type":"WebPage","@id":"https:\/\/lencadreurduparc.fr\/index.php\/produit\/roz-nimbus-3\/","url":"https:\/\/lencadreurduparc.fr\/index.php\/produit\/roz-nimbus-3\/","name":"ROZ - NIMBUS III - L&#039;Encadreur du Parc","isPartOf":{"@id":"https:\/\/lencadreurduparc.fr\/#website"},"datePublished":"2021-07-02T14:43:01+00:00","dateModified":"2021-07-10T14:15:40+00:00","breadcrumb":{"@id":"https:\/\/lencadreurduparc.fr\/index.php\/produit\/roz-nimbus-3\/#breadcrumb"},"inLanguage":"fr-FR","potentialAction":[{"@type":"ReadAction","target":["https:\/\/lencadreurduparc.fr\/index.php\/produit\/roz-nimbus-3\/"]}]},{"@type":"BreadcrumbList","@id":"https:\/\/lencadreurduparc.fr\/index.php\/produit\/roz-nimbus-3\/#breadcrumb","itemListElement":[{"@type":"ListItem","position":1,"name":"Accueil","item":"https:\/\/lencadreurduparc.fr\/"},{"@type":"ListItem","position":2,"name":"TOUTES LES OEUVRES","item":"https:\/\/lencadreurduparc.fr\/index.php\/shop-catalogue-doeuvres\/"},{"@type":"ListItem","position":3,"name":"ROZ &#8211; NIMBUS III"}]},{"@type":"WebSite","@id":"https:\/\/lencadreurduparc.fr\/#website","url":"https:\/\/lencadreurduparc.fr\/","name":"L&#039;Encadreur du Parc","description":"Notre savoir-faire artisanal au service de la mise en valeur de vos sujets","potentialAction":[{"@type":"SearchAction","target":{"@type":"EntryPoint","urlTemplate":"https:\/\/lencadreurduparc.fr\/?s={search_term_string}"},"query-input":"required name=search_term_string"}],"inLanguage":"fr-FR"}]}},"_links":{"self":[{"href":"https:\/\/lencadreurduparc.fr\/index.php\/wp-json\/wp\/v2\/product\/6357"}],"collection":[{"href":"https:\/\/lencadreurduparc.fr\/index.php\/wp-json\/wp\/v2\/product"}],"about":[{"href":"https:\/\/lencadreurduparc.fr\/index.php\/wp-json\/wp\/v2\/types\/product"}],"wp:featuredmedia":[{"embeddable":true,"href":"https:\/\/lencadreurduparc.fr\/index.php\/wp-json\/wp\/v2\/media\/6358"}],"wp:attachment":[{"href":"https:\/\/lencadreurduparc.fr\/index.php\/wp-json\/wp\/v2\/media?parent=6357"}],"wp:term":[{"taxonomy":"product_cat","embeddable":true,"href":"https:\/\/lencadreurduparc.fr\/index.php\/wp-json\/wp\/v2\/product_cat?post=6357"},{"taxonomy":"product_tag","embeddable":true,"href":"https:\/\/lencadreurduparc.fr\/index.php\/wp-json\/wp\/v2\/product_tag?post=6357"}],"curies":[{"name":"wp","href":"https:\/\/api.w.org\/{rel}","templated":true}]}}