{"id":378,"date":"2015-11-25T19:32:52","date_gmt":"2015-11-25T19:32:52","guid":{"rendered":"http:\/\/lencadreurduparc.fr\/index.php\/contact-us\/"},"modified":"2021-07-28T15:38:16","modified_gmt":"2021-07-28T13:38:16","slug":"a-propos-encadrement-dart-lyon","status":"publish","type":"page","link":"https:\/\/lencadreurduparc.fr\/index.php\/a-propos-encadrement-dart-lyon\/","title":{"rendered":"A PROPOS"},"content":{"rendered":"<p>[vc_row padding_top=\u00a0\u00bb20&Prime; padding_bottom=\u00a0\u00bb120&Prime; margin_bottom=\u00a0\u00bb0&Prime;][vc_column][vc_column_text]<\/p>\n<h4 style=\"text-align: justify;\">\u00ab\u00a0 Cr\u00e9\u00e9 en 1991 dans le 6<sup>e<\/sup>arrondissement de Lyon, cet atelier d\u2019encadrement et de restauration d\u2019art proche du Parc de la T\u00eate d\u2019Or fait partie int\u00e9grante de l\u2019histoire du quartier.<br \/>\nPassionn\u00e9e par l\u2019encadrement, j\u2019ai ainsi d\u00e9cid\u00e9 de reprendre la gestion de l\u2019atelier en 2009 apr\u00e8s le d\u00e9part de son ancien propri\u00e9taire afin de continuer \u00e0 faire vivre ce savoir-faire artisanal.<br \/>\nAttach\u00e9es \u00e0 des valeurs tr\u00e8s fortes de qualit\u00e9 et de pr\u00e9servation, nous veillons en permanence \u00e0 utiliser des techniques et mat\u00e9riaux permettant de prot\u00e9ger les \u0153uvres, tout en s\u2019assurant de leur valorisation et de leur int\u00e9gration parfaite dans leur environnement.<br \/>\nCe lieu a \u00e9galement l\u2019ambition d\u2019\u00eatre un carrefour de rencontres et de partage de connaissances. Clients, artistes, partenaires ou fournisseurs, un r\u00e9el \u00e9change se fait avec toutes les personnes qui poussent la porte de la boutique. Cela contribue \u00e0 sublimer le m\u00e9tier.\u00a0\u00bb<\/h4>\n<h4 style=\"text-align: right;\">Anne GUILLAUME<\/h4>\n<p>[\/vc_column_text][vc_empty_space height=\u00a0\u00bb40px\u00a0\u00bb]<div class=\"eut-element eut-slogan eut-align-center eut-animated-item eut-fadeIn\" style=\"\" data-delay=\"200\"><h3 class=\"eut-slogan-title eut-align-center eut-title-no-line\"><span>Notre \u00e9quipe<\/span><\/h3><\/div>[vc_empty_space height=\u00a0\u00bb40px\u00a0\u00bb][\/vc_column][vc_column width=\u00a0\u00bb1\/2&Prime;]<div class=\"eut-element eut-slogan eut-align-center eut-animated-item eut-fadeIn\" style=\"\" data-delay=\"200\"><h3 class=\"eut-slogan-title eut-align-center eut-title-no-line\"><span>Anne<\/span><\/h3>  <p class=\"eut-leader-text\">G\u00e9rante de l\u2019atelier, Anne b\u00e9n\u00e9ficie d\u2019une formation et d\u2019une exp\u00e9rience technique avanc\u00e9e et sp\u00e9cifique \u00e0 l\u2019encadrement d\u2019art. Elle saura vous conseiller pour pr\u00e9server, restaurer et valoriser vos \u0153uvres.<\/p><\/div>[\/vc_column][vc_column width=\u00a0\u00bb1\/2&Prime;]<div class=\"eut-element eut-slogan eut-align-center eut-animated-item eut-fadeIn\" style=\"\" data-delay=\"200\"><h3 class=\"eut-slogan-title eut-align-center eut-title-no-line\"><span>Orane<\/span><\/h3>  <p class=\"eut-leader-text\">Issue d\u2019une formation sp\u00e9cifique \u00e0 l\u2019encadrement d\u2019art, Orane met ses connaissances et ses comp\u00e9tences techniques au service des \u0153uvres confi\u00e9es par nos clients.<\/p><\/div>[\/vc_column][\/vc_row][vc_row heading_color=\u00a0\u00bblight\u00a0\u00bb bg_type=\u00a0\u00bbcolor\u00a0\u00bb flex_height=\u00a0\u00bbyes\u00a0\u00bb font_color=\u00a0\u00bb#ffffff\u00a0\u00bb padding_top=\u00a0\u00bb100&Prime; padding_bottom=\u00a0\u00bb100&Prime; bg_color=\u00a0\u00bb#222222&Prime;][vc_column]<div class=\"eut-element eut-slogan eut-align-center eut-animated-item eut-fadeIn\" style=\"\" data-delay=\"200\"><h3 class=\"eut-slogan-title eut-align-center eut-title-no-line\"><span>Nos labels et certifications, gages de la qualit\u00e9 de notre travail<\/span><\/h3><\/div>[\/vc_column][\/vc_row][vc_row heading_color=\u00a0\u00bblight\u00a0\u00bb bg_type=\u00a0\u00bbcolor\u00a0\u00bb flex_height=\u00a0\u00bbyes\u00a0\u00bb font_color=\u00a0\u00bb#ffffff\u00a0\u00bb padding_top=\u00a0\u00bb100&Prime; padding_bottom=\u00a0\u00bb100&Prime;][vc_column]<div class=\"eut-element eut-image eut-align-center\" style=\"\"><img width=\"300\" height=\"209\" src=\"https:\/\/lencadreurduparc.fr\/wp-content\/uploads\/artisan-art-encadreur-lyon-300x209.jpg\" class=\"attachment-medium size-medium\" alt=\"\" decoding=\"async\" loading=\"lazy\" srcset=\"https:\/\/lencadreurduparc.fr\/wp-content\/uploads\/artisan-art-encadreur-lyon-300x209.jpg 300w, https:\/\/lencadreurduparc.fr\/wp-content\/uploads\/artisan-art-encadreur-lyon-150x105.jpg 150w, https:\/\/lencadreurduparc.fr\/wp-content\/uploads\/artisan-art-encadreur-lyon-768x536.jpg 768w, https:\/\/lencadreurduparc.fr\/wp-content\/uploads\/artisan-art-encadreur-lyon-600x419.jpg 600w, https:\/\/lencadreurduparc.fr\/wp-content\/uploads\/artisan-art-encadreur-lyon.jpg 1024w\" sizes=\"(max-width: 300px) 100vw, 300px\" \/><\/div>[\/vc_column][\/vc_row][vc_row heading_color=\u00a0\u00bblight\u00a0\u00bb bg_type=\u00a0\u00bbimage\u00a0\u00bb bg_image=\u00a0\u00bb3610&Prime; bg_image_type=\u00a0\u00bbparallax\u00a0\u00bb color_overlay=\u00a0\u00bbdark\u00a0\u00bb opacity_overlay=\u00a0\u00bb80&Prime; font_color=\u00a0\u00bb#ffffff\u00a0\u00bb padding_top=\u00a0\u00bb150&Prime; padding_bottom=\u00a0\u00bb150&Prime; margin_bottom=\u00a0\u00bb0&Prime;][vc_column css=\u00a0\u00bb.vc_custom_1620671810367{padding-right: 12% !important;padding-left: 12% !important;}\u00a0\u00bb]<h3 class=\"eut-element eut-align-center eut-title-line\" style=\"\"><span>Nos clients t\u00e9moignent<\/span><\/h3>\t\t\t<div class=\"eut-element eut-testimonial eut-carousel-element eut-align-center eut-leader-text\" style=\"\" data-slider-speed=\"3000\" data-pagination-speed=\"400\" data-slider-autoheight=\"no\" data-slider-pause=\"no\" data-slider-autoplay=\"yes\">\r\n\r\n\t\t\t\t\t\t<div class=\"eut-testimonial-element\">\r\n\t\t\t\t\t<p style=\"text-align: center;\">\u00ab\u00a0 Quel endroit\u00a0! Un atelier \u00e0 la hauteur de sa r\u00e9putation\u00a0: un conseil pr\u00e9cis et une vraie rigueur de travail\u00a0! Nous avons red\u00e9couvert notre toile de famille\u2026 MERCI Anne pour ce professionnalisme\u2026\u00a0\u00bb<\/p>\n<p>&nbsp;<\/p>\n<p style=\"text-align: center;\">L\u00e9a T. \u2013 Avis publi\u00e9 sur Google<\/p>\n<p style=\"text-align: center;\">\n\t\t\t\t\t\t\t\t\t<\/div>\r\n\t\t\t\t\t\t<div class=\"eut-testimonial-element\">\r\n\t\t\t\t\t<p style=\"text-align: center;\">\u00ab\u00a0De tr\u00e8s bons conseils, un choix vaste d\u2019encadrements \u00e0 tous les prix, travail de qualit\u00e9\u2026\u00a0Je recommande\u00a0\u00bb<\/p>\n<p>&nbsp;<\/p>\n<p style=\"text-align: center;\">Corinne B. \u2013 Avis publi\u00e9 sur Google<\/p>\n<p>&nbsp;<\/p>\n\t\t\t\t\t\t\t\t\t<\/div>\r\n\t\t\t\t\t\t<div class=\"eut-testimonial-element\">\r\n\t\t\t\t\t<p style=\"text-align: center;\">\u00ab\u00a0Nous faisons encadrer tous les souvenirs de nos voyages. Merci \u00e0 Anne pour son accueil, son professionnalisme et ses conseils toujours avis\u00e9s\u00a0! Je ne peux que recommander sa boutique d\u2019encadrement\u00a0!\u00a0\u00bb<\/p>\n<p>&nbsp;<\/p>\n<p style=\"text-align: center;\">Deborah L. \u2013 Avis publi\u00e9 sur Google<\/p>\n<p>&nbsp;<\/p>\n\t\t\t\t\t\t\t\t\t<\/div>\r\n\t\t\t\t\t\t<div class=\"eut-testimonial-element\">\r\n\t\t\t\t\t<p style=\"text-align: center;\">\u00ab\u00a0L\u2019accueil par Anne est toujours sympathique et chaleureux. C\u2019est une artiste capable de comprendre et de sublimer vos \u0153uvres. Le travail est soign\u00e9. Je recommande vivement cette adresse.\u00a0\u00bb<\/p>\n<p>&nbsp;<\/p>\n<p style=\"text-align: center;\">Sophie J. \u2013 Avis publi\u00e9 sur Google<\/p>\n<p style=\"text-align: center;\">\n\t\t\t\t\t\t\t\t\t<\/div>\r\n\t\t\t\t\t\t<div class=\"eut-testimonial-element\">\r\n\t\t\t\t\t<p style=\"text-align: center;\">\u00ab\u00a0Travail de qualit\u00e9 et de tr\u00e8s bons conseils pour sublimer les \u0153uvres\u00a0! Bravo et merci\u00a0!\u00a0\u00bb<\/p>\n<p>&nbsp;<\/p>\n<p style=\"text-align: center;\">Deb L. \u2013 Avis publi\u00e9 sur la page Facebook de l&rsquo;Encadreur du Parc<\/p>\n<p>&nbsp;<\/p>\n\t\t\t\t\t\t\t\t\t<\/div>\r\n\t\t\t\t\t\t<div class=\"eut-testimonial-element\">\r\n\t\t\t\t\t<p style=\"text-align: center;\">\u00ab\u00a0Excellents conseils et travail soign\u00e9. Je recommande vivement cet \u00e9tablissement.\u00a0\u00bb<\/p>\n<p>&nbsp;<\/p>\n<p style=\"text-align: center;\">Romain F. \u2013 Avis publi\u00e9 sur Google<\/p>\n<p style=\"text-align: center;\">\n\t\t\t\t\t\t\t\t\t<\/div>\r\n\t\t\t\t\t\t<div class=\"eut-testimonial-element\">\r\n\t\t\t\t\t<p style=\"text-align: center;\">\u00ab\u00a0De la passion, du talent, une gentillesse et une douceur hors pair, et un nombre incalculable d\u2019heures de travail\u00a0!\u00a0\u00bb<\/p>\n<p>&nbsp;<\/p>\n<p style=\"text-align: center;\">Ulrika M. D. M. \u2013 Avis publi\u00e9 sur la page Facebook de l\u2019Encadreur du Parc<\/p>\n<p style=\"text-align: center;\">\n\t\t\t\t\t\t\t\t\t<\/div>\r\n\t\t\t\t\t\t<div class=\"eut-testimonial-element\">\r\n\t\t\t\t\t<p style=\"text-align: center;\">\u00ab\u00a0Sans aucun doute la meilleure\u00a0! Une ma\u00eetrise parfaite de son m\u00e9tier qui sublime les \u0153uvres\u00a0\u00bb<\/p>\n<p>&nbsp;<\/p>\n<p style=\"text-align: center;\">Caroline F. \u2013 Avis publi\u00e9 sur la page Facebook de l\u2019Encadreur du Parc<\/p>\n<p style=\"text-align: center;\">\n\t\t\t\t\t\t\t\t\t<\/div>\r\n\t\t\t\t\t<\/div>\r\n\r\n\t\t[\/vc_column][\/vc_row][vc_row heading_color=\u00a0\u00bblight\u00a0\u00bb bg_type=\u00a0\u00bbcolor\u00a0\u00bb flex_height=\u00a0\u00bbyes\u00a0\u00bb font_color=\u00a0\u00bb#ffffff\u00a0\u00bb bg_color=\u00a0\u00bb#222222&Prime; padding_top=\u00a0\u00bb100&Prime; padding_bottom=\u00a0\u00bb60&Prime;][vc_column]<div class=\"eut-element eut-slogan eut-align-center eut-animated-item eut-fadeIn\" style=\"\" data-delay=\"200\"><h3 class=\"eut-slogan-title eut-align-center eut-title-no-line\"><span>PARTENAIRES<\/span><\/h3><\/div>[\/vc_column][\/vc_row][vc_row heading_color=\u00a0\u00bbdark\u00a0\u00bb bg_type=\u00a0\u00bbcolor\u00a0\u00bb flex_height=\u00a0\u00bbyes\u00a0\u00bb font_color=\u00a0\u00bb#222222&Prime; padding_top=\u00a0\u00bb40&Prime; padding_bottom=\u00a0\u00bb40&Prime;][vc_column width=\u00a0\u00bb1\/4&Prime; css=\u00a0\u00bb.vc_custom_1626095907454{padding-top: 0px !important;}\u00a0\u00bb]<div class=\"eut-element eut-image eut-align-center\" style=\"\"><img width=\"800\" height=\"304\" src=\"https:\/\/lencadreurduparc.fr\/wp-content\/uploads\/Artiteg-800x304.png\" class=\"attachment-engic-eutf-small-rect-horizontal size-engic-eutf-small-rect-horizontal\" alt=\"\" decoding=\"async\" loading=\"lazy\" \/><\/div>[\/vc_column][vc_column width=\u00a0\u00bb3\/4&Prime;][vc_column_text]<\/p>\n<h4 class=\"eut-team-name\" style=\"text-align: justify;\">Notre atelier est partenaire d&rsquo;Arti Teq, une soci\u00e9t\u00e9 proposant des solutions pour toutes sortes de suspensions.\u00a0Arti Teq garantit un accrochage s\u00fbr, mais aussi flexible. Leur exp\u00e9rience et expertise dans le domaine de l&rsquo;accrochage de tableaux l&rsquo;ont amen\u00e9e \u00e0 proposer la gamme la plus compl\u00e8te et vari\u00e9e de cimaises disponibles sur le march\u00e9 fran\u00e7ais.\u00a0S&rsquo;adapter \u00e0 vos espaces tout en les pr\u00e9servant n&rsquo;aura jamais \u00e9t\u00e9 aussi facile.<\/h4>\n<p>[\/vc_column_text][\/vc_column][\/vc_row][vc_row heading_color=\u00a0\u00bbdark\u00a0\u00bb bg_type=\u00a0\u00bbcolor\u00a0\u00bb flex_height=\u00a0\u00bbyes\u00a0\u00bb tablet_visibility=\u00a0\u00bbhide\u00a0\u00bb tablet_sm_visibility=\u00a0\u00bbhide\u00a0\u00bb mobile_visibility=\u00a0\u00bbhide\u00a0\u00bb font_color=\u00a0\u00bb#222222&Prime; padding_top=\u00a0\u00bb40&Prime; padding_bottom=\u00a0\u00bb40&Prime;][vc_column width=\u00a0\u00bb3\/4&Prime;][vc_column_text]<\/p>\n<h4 class=\"eut-team-name\" style=\"text-align: justify;\">La R\u00e9gion Auvergne Rh\u00f4ne-Alpes soutient et souhaite valoriser l\u2019artisanat et les m\u00e9tiers d\u2019art. Elle a ainsi particip\u00e9 au financement de certaines de nos actions afin de perp\u00e9tuer nos valeurs et notre savoir-faire dans la mise en valeur et la conservation de vos sujets.<\/h4>\n<p>[\/vc_column_text][\/vc_column][vc_column width=\u00a0\u00bb1\/4&Prime; css=\u00a0\u00bb.vc_custom_1623851146834{padding-top: -40px !important;}\u00a0\u00bb]<div class=\"eut-element eut-image eut-align-center\" style=\"\"><img width=\"300\" height=\"69\" src=\"https:\/\/lencadreurduparc.fr\/wp-content\/uploads\/logo_region_rvb-bleu-gris-300x69.png\" class=\"attachment-medium size-medium\" alt=\"\" decoding=\"async\" loading=\"lazy\" srcset=\"https:\/\/lencadreurduparc.fr\/wp-content\/uploads\/logo_region_rvb-bleu-gris-300x69.png 300w, https:\/\/lencadreurduparc.fr\/wp-content\/uploads\/logo_region_rvb-bleu-gris-1024x237.png 1024w, https:\/\/lencadreurduparc.fr\/wp-content\/uploads\/logo_region_rvb-bleu-gris-150x35.png 150w, https:\/\/lencadreurduparc.fr\/wp-content\/uploads\/logo_region_rvb-bleu-gris-768x178.png 768w, https:\/\/lencadreurduparc.fr\/wp-content\/uploads\/logo_region_rvb-bleu-gris-600x139.png 600w, https:\/\/lencadreurduparc.fr\/wp-content\/uploads\/logo_region_rvb-bleu-gris.png 1313w\" sizes=\"(max-width: 300px) 100vw, 300px\" \/><\/div>[\/vc_column][\/vc_row][vc_row heading_color=\u00a0\u00bbdark\u00a0\u00bb bg_type=\u00a0\u00bbcolor\u00a0\u00bb flex_height=\u00a0\u00bbyes\u00a0\u00bb desktop_visibility=\u00a0\u00bbhide\u00a0\u00bb font_color=\u00a0\u00bb#222222&Prime; padding_top=\u00a0\u00bb40&Prime; padding_bottom=\u00a0\u00bb40&Prime;][vc_column width=\u00a0\u00bb1\/4&Prime; css=\u00a0\u00bb.vc_custom_1623851146834{padding-top: -40px !important;}\u00a0\u00bb]<div class=\"eut-element eut-image eut-align-center\" style=\"\"><img width=\"300\" height=\"69\" src=\"https:\/\/lencadreurduparc.fr\/wp-content\/uploads\/logo_region_rvb-bleu-gris-300x69.png\" class=\"attachment-medium size-medium\" alt=\"\" decoding=\"async\" loading=\"lazy\" srcset=\"https:\/\/lencadreurduparc.fr\/wp-content\/uploads\/logo_region_rvb-bleu-gris-300x69.png 300w, https:\/\/lencadreurduparc.fr\/wp-content\/uploads\/logo_region_rvb-bleu-gris-1024x237.png 1024w, https:\/\/lencadreurduparc.fr\/wp-content\/uploads\/logo_region_rvb-bleu-gris-150x35.png 150w, https:\/\/lencadreurduparc.fr\/wp-content\/uploads\/logo_region_rvb-bleu-gris-768x178.png 768w, https:\/\/lencadreurduparc.fr\/wp-content\/uploads\/logo_region_rvb-bleu-gris-600x139.png 600w, https:\/\/lencadreurduparc.fr\/wp-content\/uploads\/logo_region_rvb-bleu-gris.png 1313w\" sizes=\"(max-width: 300px) 100vw, 300px\" \/><\/div>[\/vc_column][vc_column width=\u00a0\u00bb3\/4&Prime;][vc_column_text]<\/p>\n<h4 class=\"eut-team-name\" style=\"text-align: justify;\">La R\u00e9gion Auvergne Rh\u00f4ne-Alpes soutient et souhaite valoriser l\u2019artisanat et les m\u00e9tiers d\u2019art. Elle a ainsi particip\u00e9 au financement de certaines de nos actions afin de perp\u00e9tuer nos valeurs et notre savoir-faire dans la mise en valeur et la conservation de vos sujets.<\/h4>\n<p>[\/vc_column_text][\/vc_column][\/vc_row][vc_row section_id=\u00a0\u00bbcontact\u00a0\u00bb padding_top=\u00a0\u00bb60&Prime;][vc_column]<div class=\"eut-element eut-hr \" style=\"\"><div class=\"eut-line-divider\"><\/div><\/div>[vc_empty_space height=\u00a0\u00bb60px\u00a0\u00bb][vc_column_text]<\/p>\n<h4 class=\"eut-leader-text\" style=\"text-align: center;\"><strong>ATELIER L\u2019ENCADREUR DU PARC<\/strong><br \/>\n38 rue T\u00eate d\u2019Or \u2013 69006 Lyon<\/h4>\n<h4 style=\"text-align: center;\">T\u00e9l. 04 78 89 67 10 \u2013 <a href=\"mailto:contact@lencadreurduparc.fr\">contact@lencadreurduparc.fr<\/a><br \/>\nM\u00e9tro Mass\u00e9na \u2013 V\u00e9lo\u2019V<br \/>\nOuvert du mardi au samedi* de 10h \u00e0 12h et de 15h \u00e0 19h (*18h le samedi)<\/h4>\n<p>[\/vc_column_text][\/vc_column][\/vc_row][vc_row section_type=\u00a0\u00bbfullwidth-element\u00a0\u00bb][vc_column width=\u00a0\u00bb1\/12&Prime;][\/vc_column][vc_column width=\u00a0\u00bb5\/6&Prime;][vc_raw_html]JTNDaWZyYW1lJTIwc3JjJTNEJTIyaHR0cHMlM0ElMkYlMkZ3d3cuZ29vZ2xlLmNvbSUyRm1hcHMlMkZlbWJlZCUzRnBiJTNEJTIxMW0xOCUyMTFtMTIlMjExbTMlMjExZDI3ODMuMDYyMjA1Njc3NTE3MyUyMTJkNC44NDk4NTgwMTU2MzcyMTIlMjEzZDQ1Ljc2OTk0MzU3OTEwNTcxJTIxMm0zJTIxMWYwJTIxMmYwJTIxM2YwJTIxM20yJTIxMWkxMDI0JTIxMmk3NjglMjE0ZjEzLjElMjEzbTMlMjExbTIlMjExczB4NDdmNGVhOGNkMzVjMzE2ZCUyNTNBMHhlYTczOWU4MTgyYzU0MTFkJTIxMnMzOCUyNTIwUnVlJTI1MjBUJTI1QzMlMjVBQXRlJTI1MjBkJTI2JTIzMzklM0JPciUyNTJDJTI1MjA2OTAwNiUyNTIwTHlvbiUyMTVlMCUyMTNtMiUyMTFzZnIlMjEyc2ZyJTIxNHYxNjI1MjI5MjY4NDI4JTIxNW0yJTIxMXNmciUyMTJzZnIlMjIlMjB3aWR0aCUzRCUyMjEyMDAlMjIlMjBoZWlnaHQlM0QlMjI0NTAlMjIlMjBzdHlsZSUzRCUyMmJvcmRlciUzQTAlM0IlMjIlMjBhbGxvd2Z1bGxzY3JlZW4lM0QlMjIlMjIlMjBsb2FkaW5nJTNEJTIybGF6eSUyMiUzRSUzQyUyRmlmcmFtZSUzRQ==[\/vc_raw_html][\/vc_column][vc_column width=\u00a0\u00bb1\/12&Prime;][\/vc_column][\/vc_row]<\/p>\n","protected":false},"excerpt":{"rendered":"<p>[vc_row padding_top=\u00a0\u00bb20&Prime; padding_bottom=\u00a0\u00bb120&Prime; margin_bottom=\u00a0\u00bb0&Prime;][vc_column][vc_column_text] \u00ab\u00a0 Cr\u00e9\u00e9 en 1991 dans le 6earrondissement de Lyon, cet atelier d\u2019encadrement et de restauration d\u2019art proche du Parc de la T\u00eate d\u2019Or fait partie int\u00e9grante de l\u2019histoire du quartier. Passionn\u00e9e par l\u2019encadrement, j\u2019ai ainsi d\u00e9cid\u00e9 de reprendre la gestion de l\u2019atelier en 2009 apr\u00e8s le d\u00e9part de son ancien propri\u00e9taire [&hellip;]<\/p>\n","protected":false},"author":1,"featured_media":0,"parent":0,"menu_order":0,"comment_status":"closed","ping_status":"closed","template":"","meta":[],"yoast_head":"<!-- This site is optimized with the Yoast SEO plugin v19.10 - https:\/\/yoast.com\/wordpress\/plugins\/seo\/ -->\n<title>A PROPOS - encadrement d&#039;art Lyon - L&#039;Encadreur du Parc<\/title>\n<meta name=\"description\" content=\"Pour l&#039;encadrement de vos tableaux et lithographies, d\u00e9couvrez le travail d&#039;un artisan passionn\u00e9 : bienvenue chez l&#039;Encadreur du Parc !\" \/>\n<meta name=\"robots\" content=\"index, follow, max-snippet:-1, max-image-preview:large, max-video-preview:-1\" \/>\n<link rel=\"canonical\" href=\"https:\/\/lencadreurduparc.fr\/index.php\/a-propos-encadrement-dart-lyon\/\" \/>\n<meta property=\"og:locale\" content=\"fr_FR\" \/>\n<meta property=\"og:type\" content=\"article\" \/>\n<meta property=\"og:title\" content=\"A PROPOS - encadrement d&#039;art Lyon - L&#039;Encadreur du Parc\" \/>\n<meta property=\"og:description\" content=\"Pour l&#039;encadrement de vos tableaux et lithographies, d\u00e9couvrez le travail d&#039;un artisan passionn\u00e9 : bienvenue chez l&#039;Encadreur du Parc !\" \/>\n<meta property=\"og:url\" content=\"https:\/\/lencadreurduparc.fr\/index.php\/a-propos-encadrement-dart-lyon\/\" \/>\n<meta property=\"og:site_name\" content=\"L&#039;Encadreur du Parc\" \/>\n<meta property=\"article:modified_time\" content=\"2021-07-28T13:38:16+00:00\" \/>\n<meta name=\"twitter:card\" content=\"summary_large_image\" \/>\n<meta name=\"twitter:label1\" content=\"Dur\u00e9e de lecture estim\u00e9e\" \/>\n\t<meta name=\"twitter:data1\" content=\"3 minutes\" \/>\n<script type=\"application\/ld+json\" class=\"yoast-schema-graph\">{\"@context\":\"https:\/\/schema.org\",\"@graph\":[{\"@type\":\"WebPage\",\"@id\":\"https:\/\/lencadreurduparc.fr\/index.php\/a-propos-encadrement-dart-lyon\/\",\"url\":\"https:\/\/lencadreurduparc.fr\/index.php\/a-propos-encadrement-dart-lyon\/\",\"name\":\"A PROPOS - encadrement d'art Lyon - L&#039;Encadreur du Parc\",\"isPartOf\":{\"@id\":\"https:\/\/lencadreurduparc.fr\/#website\"},\"datePublished\":\"2015-11-25T19:32:52+00:00\",\"dateModified\":\"2021-07-28T13:38:16+00:00\",\"description\":\"Pour l'encadrement de vos tableaux et lithographies, d\u00e9couvrez le travail d'un artisan passionn\u00e9 : bienvenue chez l'Encadreur du Parc !\",\"breadcrumb\":{\"@id\":\"https:\/\/lencadreurduparc.fr\/index.php\/a-propos-encadrement-dart-lyon\/#breadcrumb\"},\"inLanguage\":\"fr-FR\",\"potentialAction\":[{\"@type\":\"ReadAction\",\"target\":[\"https:\/\/lencadreurduparc.fr\/index.php\/a-propos-encadrement-dart-lyon\/\"]}]},{\"@type\":\"BreadcrumbList\",\"@id\":\"https:\/\/lencadreurduparc.fr\/index.php\/a-propos-encadrement-dart-lyon\/#breadcrumb\",\"itemListElement\":[{\"@type\":\"ListItem\",\"position\":1,\"name\":\"Accueil\",\"item\":\"https:\/\/lencadreurduparc.fr\/\"},{\"@type\":\"ListItem\",\"position\":2,\"name\":\"A PROPOS\"}]},{\"@type\":\"WebSite\",\"@id\":\"https:\/\/lencadreurduparc.fr\/#website\",\"url\":\"https:\/\/lencadreurduparc.fr\/\",\"name\":\"L&#039;Encadreur du Parc\",\"description\":\"Notre savoir-faire artisanal au service de la mise en valeur de vos sujets\",\"potentialAction\":[{\"@type\":\"SearchAction\",\"target\":{\"@type\":\"EntryPoint\",\"urlTemplate\":\"https:\/\/lencadreurduparc.fr\/?s={search_term_string}\"},\"query-input\":\"required name=search_term_string\"}],\"inLanguage\":\"fr-FR\"}]}<\/script>\n<!-- \/ Yoast SEO plugin. -->","yoast_head_json":{"title":"A PROPOS - encadrement d'art Lyon - L&#039;Encadreur du Parc","description":"Pour l'encadrement de vos tableaux et lithographies, d\u00e9couvrez le travail d'un artisan passionn\u00e9 : bienvenue chez l'Encadreur du Parc !","robots":{"index":"index","follow":"follow","max-snippet":"max-snippet:-1","max-image-preview":"max-image-preview:large","max-video-preview":"max-video-preview:-1"},"canonical":"https:\/\/lencadreurduparc.fr\/index.php\/a-propos-encadrement-dart-lyon\/","og_locale":"fr_FR","og_type":"article","og_title":"A PROPOS - encadrement d'art Lyon - L&#039;Encadreur du Parc","og_description":"Pour l'encadrement de vos tableaux et lithographies, d\u00e9couvrez le travail d'un artisan passionn\u00e9 : bienvenue chez l'Encadreur du Parc !","og_url":"https:\/\/lencadreurduparc.fr\/index.php\/a-propos-encadrement-dart-lyon\/","og_site_name":"L&#039;Encadreur du Parc","article_modified_time":"2021-07-28T13:38:16+00:00","twitter_card":"summary_large_image","twitter_misc":{"Dur\u00e9e de lecture estim\u00e9e":"3 minutes"},"schema":{"@context":"https:\/\/schema.org","@graph":[{"@type":"WebPage","@id":"https:\/\/lencadreurduparc.fr\/index.php\/a-propos-encadrement-dart-lyon\/","url":"https:\/\/lencadreurduparc.fr\/index.php\/a-propos-encadrement-dart-lyon\/","name":"A PROPOS - encadrement d'art Lyon - L&#039;Encadreur du Parc","isPartOf":{"@id":"https:\/\/lencadreurduparc.fr\/#website"},"datePublished":"2015-11-25T19:32:52+00:00","dateModified":"2021-07-28T13:38:16+00:00","description":"Pour l'encadrement de vos tableaux et lithographies, d\u00e9couvrez le travail d'un artisan passionn\u00e9 : bienvenue chez l'Encadreur du Parc !","breadcrumb":{"@id":"https:\/\/lencadreurduparc.fr\/index.php\/a-propos-encadrement-dart-lyon\/#breadcrumb"},"inLanguage":"fr-FR","potentialAction":[{"@type":"ReadAction","target":["https:\/\/lencadreurduparc.fr\/index.php\/a-propos-encadrement-dart-lyon\/"]}]},{"@type":"BreadcrumbList","@id":"https:\/\/lencadreurduparc.fr\/index.php\/a-propos-encadrement-dart-lyon\/#breadcrumb","itemListElement":[{"@type":"ListItem","position":1,"name":"Accueil","item":"https:\/\/lencadreurduparc.fr\/"},{"@type":"ListItem","position":2,"name":"A PROPOS"}]},{"@type":"WebSite","@id":"https:\/\/lencadreurduparc.fr\/#website","url":"https:\/\/lencadreurduparc.fr\/","name":"L&#039;Encadreur du Parc","description":"Notre savoir-faire artisanal au service de la mise en valeur de vos sujets","potentialAction":[{"@type":"SearchAction","target":{"@type":"EntryPoint","urlTemplate":"https:\/\/lencadreurduparc.fr\/?s={search_term_string}"},"query-input":"required name=search_term_string"}],"inLanguage":"fr-FR"}]}},"_links":{"self":[{"href":"https:\/\/lencadreurduparc.fr\/index.php\/wp-json\/wp\/v2\/pages\/378"}],"collection":[{"href":"https:\/\/lencadreurduparc.fr\/index.php\/wp-json\/wp\/v2\/pages"}],"about":[{"href":"https:\/\/lencadreurduparc.fr\/index.php\/wp-json\/wp\/v2\/types\/page"}],"author":[{"embeddable":true,"href":"https:\/\/lencadreurduparc.fr\/index.php\/wp-json\/wp\/v2\/users\/1"}],"replies":[{"embeddable":true,"href":"https:\/\/lencadreurduparc.fr\/index.php\/wp-json\/wp\/v2\/comments?post=378"}],"version-history":[{"count":142,"href":"https:\/\/lencadreurduparc.fr\/index.php\/wp-json\/wp\/v2\/pages\/378\/revisions"}],"predecessor-version":[{"id":6477,"href":"https:\/\/lencadreurduparc.fr\/index.php\/wp-json\/wp\/v2\/pages\/378\/revisions\/6477"}],"wp:attachment":[{"href":"https:\/\/lencadreurduparc.fr\/index.php\/wp-json\/wp\/v2\/media?parent=378"}],"curies":[{"name":"wp","href":"https:\/\/api.w.org\/{rel}","templated":true}]}}