{"id":335,"date":"2015-11-25T18:24:34","date_gmt":"2015-11-25T18:24:34","guid":{"rendered":"http:\/\/lencadreurduparc.fr\/index.php\/services-2\/"},"modified":"2023-08-24T15:23:01","modified_gmt":"2023-08-24T13:23:01","slug":"restauration-de-tableau","status":"publish","type":"page","link":"https:\/\/lencadreurduparc.fr\/index.php\/restauration-de-tableau\/","title":{"rendered":"RESTAURATION"},"content":{"rendered":"<p>[vc_row padding_bottom=\u00a0\u00bb80&Prime;][vc_column]<div class=\"eut-element eut-slogan eut-align-center\" style=\"\">  <p class=\"eut-leader-text\">Remise en \u00e9tat de montages anciens, nettoyage des t\u00e2ches de moisissure ou des poussi\u00e8res, consolidation de gravures ou de dessins anciens, apr\u00e8s un diagnostic, nous intervenons tant sur l\u2019\u0153uvre que sur son cadre. Ce travail, souvent indispensable \u00e0 la sauvegarde de l\u2019\u0153uvre, est ex\u00e9cut\u00e9 par des experts.<\/p><\/div>[\/vc_column][\/vc_row][vc_row section_type=\u00a0\u00bbfullwidth-element\u00a0\u00bb bg_type=\u00a0\u00bbcolor\u00a0\u00bb flex_height=\u00a0\u00bbyes\u00a0\u00bb bg_color=\u00a0\u00bb#f7f7f7&Prime; margin_bottom=\u00a0\u00bb0&Prime;][vc_column width=\u00a0\u00bb1\/2&Prime; tablet_sm_width=\u00a0\u00bb1&Prime; css=\u00a0\u00bb.vc_custom_1621958026888{background-position: center !important;background-repeat: no-repeat !important;background-size: cover !important;}\u00a0\u00bb]<div class=\"eut-element eut-carousel-wrapper\"  style=\" \"><div class=\"eut-carousel-navigation eut-dark\" data-navigation-type=\"2\">\t<div class=\"eut-carousel-buttons\">\t\t<div class=\"eut-carousel-prev eut-icon-nav-left\"><\/div>\t\t<div class=\"eut-carousel-next eut-icon-nav-right\"><\/div>\t<\/div><\/div><div class=\"eut-slider eut-carousel-element \" data-slider-speed=\"3500\" data-slider-pause=\"no\" data-navigation-type=\"2\" data-slider-autoplay=\"yes\" data-slider-autoheight=\"no\"><div class=\"eut-slider-item\"><figure><div class=\"eut-media\"><img width=\"1170\" height=\"658\" src=\"https:\/\/lencadreurduparc.fr\/wp-content\/uploads\/restauration-reparation-cadre-encadreur-lyon-1-1170x658.jpg\" class=\"attachment-engic-eutf-large-rect-horizontal size-engic-eutf-large-rect-horizontal\" alt=\"\" decoding=\"async\" loading=\"lazy\" srcset=\"https:\/\/lencadreurduparc.fr\/wp-content\/uploads\/restauration-reparation-cadre-encadreur-lyon-1-1170x658.jpg 1170w, https:\/\/lencadreurduparc.fr\/wp-content\/uploads\/restauration-reparation-cadre-encadreur-lyon-1-800x450.jpg 800w\" sizes=\"(max-width: 1170px) 100vw, 1170px\" \/><\/div><\/figure><\/div><div class=\"eut-slider-item\"><figure><div class=\"eut-media\"><img width=\"1170\" height=\"658\" src=\"https:\/\/lencadreurduparc.fr\/wp-content\/uploads\/restauration-reparation-cadre-encadreur-lyon-2-1170x658.jpg\" class=\"attachment-engic-eutf-large-rect-horizontal size-engic-eutf-large-rect-horizontal\" alt=\"\" decoding=\"async\" loading=\"lazy\" srcset=\"https:\/\/lencadreurduparc.fr\/wp-content\/uploads\/restauration-reparation-cadre-encadreur-lyon-2-1170x658.jpg 1170w, https:\/\/lencadreurduparc.fr\/wp-content\/uploads\/restauration-reparation-cadre-encadreur-lyon-2-800x450.jpg 800w\" sizes=\"(max-width: 1170px) 100vw, 1170px\" \/><\/div><\/figure><\/div><div class=\"eut-slider-item\"><figure><div class=\"eut-media\"><img width=\"1170\" height=\"658\" src=\"https:\/\/lencadreurduparc.fr\/wp-content\/uploads\/restauration-reparation-cadre-encadreur-lyon-3-1170x658.jpg\" class=\"attachment-engic-eutf-large-rect-horizontal size-engic-eutf-large-rect-horizontal\" alt=\"\" decoding=\"async\" loading=\"lazy\" srcset=\"https:\/\/lencadreurduparc.fr\/wp-content\/uploads\/restauration-reparation-cadre-encadreur-lyon-3-1170x658.jpg 1170w, https:\/\/lencadreurduparc.fr\/wp-content\/uploads\/restauration-reparation-cadre-encadreur-lyon-3-800x450.jpg 800w\" sizes=\"(max-width: 1170px) 100vw, 1170px\" \/><\/div><\/figure><\/div><div class=\"eut-slider-item\"><figure><div class=\"eut-media\"><img width=\"1170\" height=\"658\" src=\"https:\/\/lencadreurduparc.fr\/wp-content\/uploads\/restauration-reparation-cadre-encadreur-lyon-4-1170x658.jpg\" class=\"attachment-engic-eutf-large-rect-horizontal size-engic-eutf-large-rect-horizontal\" alt=\"\" decoding=\"async\" loading=\"lazy\" srcset=\"https:\/\/lencadreurduparc.fr\/wp-content\/uploads\/restauration-reparation-cadre-encadreur-lyon-4-1170x658.jpg 1170w, https:\/\/lencadreurduparc.fr\/wp-content\/uploads\/restauration-reparation-cadre-encadreur-lyon-4-800x450.jpg 800w\" sizes=\"(max-width: 1170px) 100vw, 1170px\" \/><\/div><\/figure><\/div>\t<\/div><\/div>[\/vc_column][vc_column width=\u00a0\u00bb1\/2&Prime; tablet_sm_width=\u00a0\u00bb1&Prime; css=\u00a0\u00bb.vc_custom_1451863202819{padding-right: 5% !important;padding-left: 5% !important;}\u00a0\u00bb][vc_empty_space height=\u00a0\u00bb80&Prime;]<div class=\"eut-element eut-slogan eut-align-left\" style=\"\"><h2 class=\"eut-slogan-title eut-align-left eut-title-no-line\"><span>CADRES<\/span><\/h2>  <p class=\"eut-leader-text\">\u2022 Nettoyage<br \/>\n\u2022 R\u00e9paration<br \/>\n\u2022 Restauration de dorures et patines des cadres de tous styles (dorure \u00e0 l\u2019or fin, argent v\u00e9ritable, feuille de cuivre, &#8230;)<br \/>\n<\/p><\/div>[vc_empty_space height=\u00a0\u00bb80&Prime;][\/vc_column][\/vc_row][vc_row section_type=\u00a0\u00bbfullwidth-element\u00a0\u00bb bg_type=\u00a0\u00bbcolor\u00a0\u00bb flex_height=\u00a0\u00bbyes\u00a0\u00bb tablet_visibility=\u00a0\u00bbhide\u00a0\u00bb tablet_sm_visibility=\u00a0\u00bbhide\u00a0\u00bb mobile_visibility=\u00a0\u00bbhide\u00a0\u00bb bg_color=\u00a0\u00bb#f7f7f7&Prime; margin_bottom=\u00a0\u00bb0&Prime;][vc_column width=\u00a0\u00bb1\/2&Prime; tablet_sm_width=\u00a0\u00bb1&Prime; css=\u00a0\u00bb.vc_custom_1451863202819{padding-right: 5% !important;padding-left: 5% !important;}\u00a0\u00bb][vc_empty_space height=\u00a0\u00bb120&Prime;]<div class=\"eut-element eut-slogan eut-align-left\" style=\"\"><h2 class=\"eut-slogan-title eut-align-left eut-title-no-line\"><span>PEINTURES<\/span><\/h2>  <p class=\"eut-leader-text\">\u2022 Nettoyage<br \/>\n\u2022 R\u00e9paration de d\u00e9chirures<br \/>\n\u2022 Prise en charge du jaunissement des vernis<br \/>\n\u2022 R\u00e9-entoilage de toiles anciennes ou contemporaines<br \/>\n<\/p><\/div>[vc_empty_space height=\u00a0\u00bb120&Prime;][\/vc_column][vc_column width=\u00a0\u00bb1\/2&Prime; tablet_sm_width=\u00a0\u00bb1&Prime; css=\u00a0\u00bb.vc_custom_1626094385660{padding-bottom: 300px !important;background-image: url(https:\/\/lencadreurduparc.fr\/wp-content\/uploads\/restauration-reparation-peinture-encadreur-lyon-2.png?id=6320) !important;background-position: center !important;background-repeat: no-repeat !important;background-size: cover !important;}\u00a0\u00bb][\/vc_column][\/vc_row][vc_row section_type=\u00a0\u00bbfullwidth-element\u00a0\u00bb bg_type=\u00a0\u00bbcolor\u00a0\u00bb flex_height=\u00a0\u00bbyes\u00a0\u00bb desktop_visibility=\u00a0\u00bbhide\u00a0\u00bb bg_color=\u00a0\u00bb#f7f7f7&Prime; margin_bottom=\u00a0\u00bb0&Prime;][vc_column width=\u00a0\u00bb1\/2&Prime; tablet_sm_width=\u00a0\u00bb1&Prime; css=\u00a0\u00bb.vc_custom_1626094385660{padding-bottom: 300px !important;background-image: url(https:\/\/lencadreurduparc.fr\/wp-content\/uploads\/restauration-reparation-peinture-encadreur-lyon-2.png?id=6320) !important;background-position: center !important;background-repeat: no-repeat !important;background-size: cover !important;}\u00a0\u00bb][\/vc_column][vc_column width=\u00a0\u00bb1\/2&Prime; tablet_sm_width=\u00a0\u00bb1&Prime; css=\u00a0\u00bb.vc_custom_1451863202819{padding-right: 5% !important;padding-left: 5% !important;}\u00a0\u00bb][vc_empty_space height=\u00a0\u00bb120&Prime;]<div class=\"eut-element eut-slogan eut-align-left\" style=\"\"><h2 class=\"eut-slogan-title eut-align-left eut-title-no-line\"><span>PEINTURES<\/span><\/h2>  <p class=\"eut-leader-text\">\u2022 Nettoyage<br \/>\n\u2022 R\u00e9paration de d\u00e9chirures et trous<br \/>\n\u2022 Prise en charge du jaunissement des vernis<br \/>\n\u2022 R\u00e9-entoilage de toiles anciennes ou contemporaines<br \/>\n<\/p><\/div>[vc_empty_space height=\u00a0\u00bb120&Prime;][\/vc_column][\/vc_row][vc_row section_type=\u00a0\u00bbfullwidth-element\u00a0\u00bb bg_type=\u00a0\u00bbcolor\u00a0\u00bb flex_height=\u00a0\u00bbyes\u00a0\u00bb bg_color=\u00a0\u00bb#ffffff\u00a0\u00bb margin_bottom=\u00a0\u00bb0&Prime;][vc_column width=\u00a0\u00bb1\/4&Prime; tablet_width=\u00a0\u00bbhide\u00a0\u00bb tablet_sm_width=\u00a0\u00bbhide\u00a0\u00bb mobile_width=\u00a0\u00bbhide\u00a0\u00bb][vc_empty_space height=\u00a0\u00bb120&Prime;][\/vc_column][vc_column width=\u00a0\u00bb1\/2&Prime;][vc_empty_space height=\u00a0\u00bb120&Prime;]<div class=\"eut-element eut-slogan eut-align-center\" style=\"\"><h2 class=\"eut-slogan-title eut-align-center eut-title-no-line\"><span>PAPIERS<\/span><\/h2>  <p class=\"eut-leader-text\">\u2022 Prise en charge des d\u00e9chirures<br \/>\n\u2022 Nettoyage des t\u00e2ches de moisissure ou des poussi\u00e8res<br \/>\n\u2022 D\u00e9sacidification<br \/>\n\u2022 Blanchiment<br \/>\n\u2022 Consolidation de gravures ou de dessins anciens par collage sur un carton sans acide ou sur papier japon<\/p><\/div>\r\n\t\t<div\r\n\t\t\tclass=\"twentytwenty-container wb_vc_baic_container\"\r\n\t\t\tid=\"wb_before_after_1_1777512428\"\r\n\t\t\tdata-before-text = \"Before\"\r\n\t\t\tdata-after-text = \"After\"\r\n\t\t>\r\n\t\t\t<img width=\"768\" height=\"950\" src=\"https:\/\/lencadreurduparc.fr\/wp-content\/uploads\/1-avant-768x950.png\" class=\"attachment-medium_large size-medium_large\" alt=\"\" decoding=\"async\" loading=\"lazy\" srcset=\"https:\/\/lencadreurduparc.fr\/wp-content\/uploads\/1-avant-768x950.png 768w, https:\/\/lencadreurduparc.fr\/wp-content\/uploads\/1-avant-243x300.png 243w, https:\/\/lencadreurduparc.fr\/wp-content\/uploads\/1-avant-828x1024.png 828w, https:\/\/lencadreurduparc.fr\/wp-content\/uploads\/1-avant-121x150.png 121w, https:\/\/lencadreurduparc.fr\/wp-content\/uploads\/1-avant-1242x1536.png 1242w, https:\/\/lencadreurduparc.fr\/wp-content\/uploads\/1-avant-1656x2048.png 1656w, https:\/\/lencadreurduparc.fr\/wp-content\/uploads\/1-avant-1552x1920.png 1552w, https:\/\/lencadreurduparc.fr\/wp-content\/uploads\/1-avant-600x742.png 600w\" sizes=\"(max-width: 768px) 100vw, 768px\" \/>\t\t\t<img width=\"768\" height=\"950\" src=\"https:\/\/lencadreurduparc.fr\/wp-content\/uploads\/1-apres-768x950.png\" class=\"attachment-medium_large size-medium_large\" alt=\"\" decoding=\"async\" loading=\"lazy\" srcset=\"https:\/\/lencadreurduparc.fr\/wp-content\/uploads\/1-apres-768x950.png 768w, https:\/\/lencadreurduparc.fr\/wp-content\/uploads\/1-apres-243x300.png 243w, https:\/\/lencadreurduparc.fr\/wp-content\/uploads\/1-apres-828x1024.png 828w, https:\/\/lencadreurduparc.fr\/wp-content\/uploads\/1-apres-121x150.png 121w, https:\/\/lencadreurduparc.fr\/wp-content\/uploads\/1-apres-1242x1536.png 1242w, https:\/\/lencadreurduparc.fr\/wp-content\/uploads\/1-apres-1656x2048.png 1656w, https:\/\/lencadreurduparc.fr\/wp-content\/uploads\/1-apres-1552x1920.png 1552w, https:\/\/lencadreurduparc.fr\/wp-content\/uploads\/1-apres-600x742.png 600w\" sizes=\"(max-width: 768px) 100vw, 768px\" \/>\t\t<\/div>\r\n<!--  -->\r\n[\/vc_column][vc_column width=\u00a0\u00bb1\/4&Prime; tablet_width=\u00a0\u00bbhide\u00a0\u00bb tablet_sm_width=\u00a0\u00bbhide\u00a0\u00bb mobile_width=\u00a0\u00bbhide\u00a0\u00bb][vc_empty_space height=\u00a0\u00bb120&Prime;][\/vc_column][\/vc_row]<\/p>\n","protected":false},"excerpt":{"rendered":"<p>[vc_row padding_bottom=\u00a0\u00bb80&Prime;][vc_column][\/vc_column][\/vc_row][vc_row section_type=\u00a0\u00bbfullwidth-element\u00a0\u00bb bg_type=\u00a0\u00bbcolor\u00a0\u00bb flex_height=\u00a0\u00bbyes\u00a0\u00bb bg_color=\u00a0\u00bb#f7f7f7&Prime; margin_bottom=\u00a0\u00bb0&Prime;][vc_column width=\u00a0\u00bb1\/2&Prime; tablet_sm_width=\u00a0\u00bb1&Prime; css=\u00a0\u00bb.vc_custom_1621958026888{background-position: center !important;background-repeat: no-repeat !important;background-size: cover !important;}\u00a0\u00bb][\/vc_column][vc_column width=\u00a0\u00bb1\/2&Prime; tablet_sm_width=\u00a0\u00bb1&Prime; css=\u00a0\u00bb.vc_custom_1451863202819{padding-right: 5% !important;padding-left: 5% !important;}\u00a0\u00bb][vc_empty_space height=\u00a0\u00bb80&Prime;][vc_empty_space height=\u00a0\u00bb80&Prime;][\/vc_column][\/vc_row][vc_row section_type=\u00a0\u00bbfullwidth-element\u00a0\u00bb bg_type=\u00a0\u00bbcolor\u00a0\u00bb flex_height=\u00a0\u00bbyes\u00a0\u00bb tablet_visibility=\u00a0\u00bbhide\u00a0\u00bb tablet_sm_visibility=\u00a0\u00bbhide\u00a0\u00bb mobile_visibility=\u00a0\u00bbhide\u00a0\u00bb bg_color=\u00a0\u00bb#f7f7f7&Prime; margin_bottom=\u00a0\u00bb0&Prime;][vc_column width=\u00a0\u00bb1\/2&Prime; tablet_sm_width=\u00a0\u00bb1&Prime; css=\u00a0\u00bb.vc_custom_1451863202819{padding-right: 5% !important;padding-left: 5% !important;}\u00a0\u00bb][vc_empty_space height=\u00a0\u00bb120&Prime;][vc_empty_space height=\u00a0\u00bb120&Prime;][\/vc_column][vc_column width=\u00a0\u00bb1\/2&Prime; tablet_sm_width=\u00a0\u00bb1&Prime; css=\u00a0\u00bb.vc_custom_1626094385660{padding-bottom: 300px !important;background-image: url(https:\/\/lencadreurduparc.fr\/wp-content\/uploads\/restauration-reparation-peinture-encadreur-lyon-2.png?id=6320) !important;background-position: center !important;background-repeat: no-repeat !important;background-size: cover !important;}\u00a0\u00bb][\/vc_column][\/vc_row][vc_row [&hellip;]<\/p>\n","protected":false},"author":1,"featured_media":0,"parent":0,"menu_order":0,"comment_status":"closed","ping_status":"closed","template":"","meta":[],"yoast_head":"<!-- This site is optimized with the Yoast SEO plugin v19.10 - https:\/\/yoast.com\/wordpress\/plugins\/seo\/ -->\n<title>RESTAURATION - L&#039;Encadreur du Parc - restauration de tableau<\/title>\n<meta name=\"description\" content=\"L&#039;\u00e9quipe de l&#039;Encadreur du Parc met \u00e0 votre service son savoir-faire dans la restauration de vos tableaux d&#039;art. Venez d\u00e9couvrir nos techniques !\" \/>\n<meta name=\"robots\" content=\"index, follow, max-snippet:-1, max-image-preview:large, max-video-preview:-1\" \/>\n<link rel=\"canonical\" href=\"https:\/\/lencadreurduparc.fr\/index.php\/restauration-de-tableau\/\" \/>\n<meta property=\"og:locale\" content=\"fr_FR\" \/>\n<meta property=\"og:type\" content=\"article\" \/>\n<meta property=\"og:title\" content=\"RESTAURATION - L&#039;Encadreur du Parc - restauration de tableau\" \/>\n<meta property=\"og:description\" content=\"L&#039;\u00e9quipe de l&#039;Encadreur du Parc met \u00e0 votre service son savoir-faire dans la restauration de vos tableaux d&#039;art. Venez d\u00e9couvrir nos techniques !\" \/>\n<meta property=\"og:url\" content=\"https:\/\/lencadreurduparc.fr\/index.php\/restauration-de-tableau\/\" \/>\n<meta property=\"og:site_name\" content=\"L&#039;Encadreur du Parc\" \/>\n<meta property=\"article:modified_time\" content=\"2023-08-24T13:23:01+00:00\" \/>\n<meta name=\"twitter:card\" content=\"summary_large_image\" \/>\n<meta name=\"twitter:label1\" content=\"Dur\u00e9e de lecture estim\u00e9e\" \/>\n\t<meta name=\"twitter:data1\" content=\"2 minutes\" \/>\n<script type=\"application\/ld+json\" class=\"yoast-schema-graph\">{\"@context\":\"https:\/\/schema.org\",\"@graph\":[{\"@type\":\"WebPage\",\"@id\":\"https:\/\/lencadreurduparc.fr\/index.php\/restauration-de-tableau\/\",\"url\":\"https:\/\/lencadreurduparc.fr\/index.php\/restauration-de-tableau\/\",\"name\":\"RESTAURATION - L&#039;Encadreur du Parc - restauration de tableau\",\"isPartOf\":{\"@id\":\"https:\/\/lencadreurduparc.fr\/#website\"},\"datePublished\":\"2015-11-25T18:24:34+00:00\",\"dateModified\":\"2023-08-24T13:23:01+00:00\",\"description\":\"L'\u00e9quipe de l'Encadreur du Parc met \u00e0 votre service son savoir-faire dans la restauration de vos tableaux d'art. Venez d\u00e9couvrir nos techniques !\",\"breadcrumb\":{\"@id\":\"https:\/\/lencadreurduparc.fr\/index.php\/restauration-de-tableau\/#breadcrumb\"},\"inLanguage\":\"fr-FR\",\"potentialAction\":[{\"@type\":\"ReadAction\",\"target\":[\"https:\/\/lencadreurduparc.fr\/index.php\/restauration-de-tableau\/\"]}]},{\"@type\":\"BreadcrumbList\",\"@id\":\"https:\/\/lencadreurduparc.fr\/index.php\/restauration-de-tableau\/#breadcrumb\",\"itemListElement\":[{\"@type\":\"ListItem\",\"position\":1,\"name\":\"Accueil\",\"item\":\"https:\/\/lencadreurduparc.fr\/\"},{\"@type\":\"ListItem\",\"position\":2,\"name\":\"RESTAURATION\"}]},{\"@type\":\"WebSite\",\"@id\":\"https:\/\/lencadreurduparc.fr\/#website\",\"url\":\"https:\/\/lencadreurduparc.fr\/\",\"name\":\"L&#039;Encadreur du Parc\",\"description\":\"Notre savoir-faire artisanal au service de la mise en valeur de vos sujets\",\"potentialAction\":[{\"@type\":\"SearchAction\",\"target\":{\"@type\":\"EntryPoint\",\"urlTemplate\":\"https:\/\/lencadreurduparc.fr\/?s={search_term_string}\"},\"query-input\":\"required name=search_term_string\"}],\"inLanguage\":\"fr-FR\"}]}<\/script>\n<!-- \/ Yoast SEO plugin. -->","yoast_head_json":{"title":"RESTAURATION - L&#039;Encadreur du Parc - restauration de tableau","description":"L'\u00e9quipe de l'Encadreur du Parc met \u00e0 votre service son savoir-faire dans la restauration de vos tableaux d'art. Venez d\u00e9couvrir nos techniques !","robots":{"index":"index","follow":"follow","max-snippet":"max-snippet:-1","max-image-preview":"max-image-preview:large","max-video-preview":"max-video-preview:-1"},"canonical":"https:\/\/lencadreurduparc.fr\/index.php\/restauration-de-tableau\/","og_locale":"fr_FR","og_type":"article","og_title":"RESTAURATION - L&#039;Encadreur du Parc - restauration de tableau","og_description":"L'\u00e9quipe de l'Encadreur du Parc met \u00e0 votre service son savoir-faire dans la restauration de vos tableaux d'art. Venez d\u00e9couvrir nos techniques !","og_url":"https:\/\/lencadreurduparc.fr\/index.php\/restauration-de-tableau\/","og_site_name":"L&#039;Encadreur du Parc","article_modified_time":"2023-08-24T13:23:01+00:00","twitter_card":"summary_large_image","twitter_misc":{"Dur\u00e9e de lecture estim\u00e9e":"2 minutes"},"schema":{"@context":"https:\/\/schema.org","@graph":[{"@type":"WebPage","@id":"https:\/\/lencadreurduparc.fr\/index.php\/restauration-de-tableau\/","url":"https:\/\/lencadreurduparc.fr\/index.php\/restauration-de-tableau\/","name":"RESTAURATION - L&#039;Encadreur du Parc - restauration de tableau","isPartOf":{"@id":"https:\/\/lencadreurduparc.fr\/#website"},"datePublished":"2015-11-25T18:24:34+00:00","dateModified":"2023-08-24T13:23:01+00:00","description":"L'\u00e9quipe de l'Encadreur du Parc met \u00e0 votre service son savoir-faire dans la restauration de vos tableaux d'art. Venez d\u00e9couvrir nos techniques !","breadcrumb":{"@id":"https:\/\/lencadreurduparc.fr\/index.php\/restauration-de-tableau\/#breadcrumb"},"inLanguage":"fr-FR","potentialAction":[{"@type":"ReadAction","target":["https:\/\/lencadreurduparc.fr\/index.php\/restauration-de-tableau\/"]}]},{"@type":"BreadcrumbList","@id":"https:\/\/lencadreurduparc.fr\/index.php\/restauration-de-tableau\/#breadcrumb","itemListElement":[{"@type":"ListItem","position":1,"name":"Accueil","item":"https:\/\/lencadreurduparc.fr\/"},{"@type":"ListItem","position":2,"name":"RESTAURATION"}]},{"@type":"WebSite","@id":"https:\/\/lencadreurduparc.fr\/#website","url":"https:\/\/lencadreurduparc.fr\/","name":"L&#039;Encadreur du Parc","description":"Notre savoir-faire artisanal au service de la mise en valeur de vos sujets","potentialAction":[{"@type":"SearchAction","target":{"@type":"EntryPoint","urlTemplate":"https:\/\/lencadreurduparc.fr\/?s={search_term_string}"},"query-input":"required name=search_term_string"}],"inLanguage":"fr-FR"}]}},"_links":{"self":[{"href":"https:\/\/lencadreurduparc.fr\/index.php\/wp-json\/wp\/v2\/pages\/335"}],"collection":[{"href":"https:\/\/lencadreurduparc.fr\/index.php\/wp-json\/wp\/v2\/pages"}],"about":[{"href":"https:\/\/lencadreurduparc.fr\/index.php\/wp-json\/wp\/v2\/types\/page"}],"author":[{"embeddable":true,"href":"https:\/\/lencadreurduparc.fr\/index.php\/wp-json\/wp\/v2\/users\/1"}],"replies":[{"embeddable":true,"href":"https:\/\/lencadreurduparc.fr\/index.php\/wp-json\/wp\/v2\/comments?post=335"}],"version-history":[{"count":71,"href":"https:\/\/lencadreurduparc.fr\/index.php\/wp-json\/wp\/v2\/pages\/335\/revisions"}],"predecessor-version":[{"id":6814,"href":"https:\/\/lencadreurduparc.fr\/index.php\/wp-json\/wp\/v2\/pages\/335\/revisions\/6814"}],"wp:attachment":[{"href":"https:\/\/lencadreurduparc.fr\/index.php\/wp-json\/wp\/v2\/media?parent=335"}],"curies":[{"name":"wp","href":"https:\/\/api.w.org\/{rel}","templated":true}]}}